{"id":31,"date":"2018-12-19T21:09:26","date_gmt":"2018-12-19T19:09:26","guid":{"rendered":"http:\/\/192.168.8.112\/?page_id=31"},"modified":"2024-10-03T14:23:08","modified_gmt":"2024-10-03T11:23:08","slug":"about-us","status":"publish","type":"page","link":"https:\/\/ldi-innovation.com\/index.php\/about-us\/","title":{"rendered":"About Us"},"content":{"rendered":"\n<div style=\"height:50px\" aria-hidden=\"true\" class=\"wp-block-spacer\"><\/div>\n\n\n\n<div class=\"wp-block-media-text alignwide is-stacked-on-mobile\" style=\"grid-template-columns:27% auto\"><figure class=\"wp-block-media-text__media\"><img loading=\"lazy\" decoding=\"async\" width=\"410\" height=\"1024\" src=\"https:\/\/ldi-innovation.com\/wp-content\/uploads\/images\/other\/poster-410x1024.jpg\" alt=\"\" class=\"wp-image-1055 size-full\" srcset=\"https:\/\/ldi-innovation.com\/wp-content\/uploads\/images\/other\/poster-410x1024.jpg 410w, https:\/\/ldi-innovation.com\/wp-content\/uploads\/images\/other\/poster-120x300.jpg 120w, https:\/\/ldi-innovation.com\/wp-content\/uploads\/images\/other\/poster-768x1920.jpg 768w, https:\/\/ldi-innovation.com\/wp-content\/uploads\/images\/other\/poster-819x2048.jpg 819w, https:\/\/ldi-innovation.com\/wp-content\/uploads\/images\/other\/poster-scaled.jpg 1024w\" sizes=\"auto, (max-width: 410px) 100vw, 410px\" \/><\/figure><div class=\"wp-block-media-text__content\">\n<p>The company LDI Innovation has been established in 2013 to keep focus on innovative developments of new products and services based on accumulated knowledge, experience and intellectual property of the founders.  <\/p>\n\n\n\n<p>Key technology developers of LDI Innovation have a more than 30 years track-record in photonics science and technology developments as related to environmental, industrial, bio-medical and security applications.  <\/p>\n\n\n\n<p>The Company employs experienced R&amp;D and engineering staff, most with advanced degrees in science, engineering and software. Core developers of LDI Innovation contributed to numerous national, European and international projects in corresponding technology domains.<\/p>\n\n\n\n<p>LDI Innovation is ISO 9001:2015 certified.<\/p>\n\n\n<div class=\"wp-block-image\">\n<figure class=\"alignright size-large is-resized\"><img loading=\"lazy\" decoding=\"async\" width=\"724\" height=\"1024\" src=\"https:\/\/ldi-innovation.com\/wp-content\/uploads\/image-724x1024.png\" alt=\"\" class=\"wp-image-2146\" style=\"width:272px;height:386px\" srcset=\"https:\/\/ldi-innovation.com\/wp-content\/uploads\/image-724x1024.png 724w, https:\/\/ldi-innovation.com\/wp-content\/uploads\/image-212x300.png 212w, https:\/\/ldi-innovation.com\/wp-content\/uploads\/image-768x1087.png 768w, https:\/\/ldi-innovation.com\/wp-content\/uploads\/image-1086x1536.png 1086w, https:\/\/ldi-innovation.com\/wp-content\/uploads\/image-1448x2048.png 1448w\" sizes=\"auto, (max-width: 724px) 100vw, 724px\" \/><\/figure>\n<\/div>\n\n\n<p><\/p>\n<\/div><\/div>\n\n\n\n<hr class=\"wp-block-separator has-css-opacity\"\/>\n\n\n\n<h1 class=\"wp-block-heading has-text-align-center\">Company management<\/h1>\n\n\n\n<div class=\"tmm tmm_company-management\"><div class=\"tmm_2_columns tmm_wrap tmm_theme_f\"><span class=\"tmm_two_containers_tablet\"><\/span><div class=\"tmm_container\"><div class=\"tmm_member\" style=\"border-top:#e6f7fe solid 5px;\"><div class=\"tmm_textblock\"><div class=\"tmm_names\"><span class=\"tmm_fname\">Dr. Sergey<\/span> <span class=\"tmm_lname\">Babichenko<\/span><\/div><div class=\"tmm_job\">Member of Board, CEO<\/div><div class=\"tmm_desc\" style=\"text-align:justify\"><p>Co-founder of LDI Innovation O\u00dc (Estonia), Ocean Visuals AS (Norway), Laser Diagnostic Instruments AS (Estonia), Skalar-LDI (Estonia - the Netherlands), Genestho AS (Estonia-Russia-Canada), LDI International Inc.(Canada), Nartest (Estonia - USA), LDIAMON AS (Estonia - Sweden), Altomni (Cyprus). Ph.D. in physics. Initiator and co-developer of key proprietary product concepts \/ designs. <h6 class=\"collapseomatic \" id=\"id6a01c07f903af\"  tabindex=\"0\" title=\"Read more\"    >Read more<\/h6><div id=\"target-id6a01c07f903af\" class=\"collapseomatic_content \"><em>He has more than 30 years of experience in research, development, engineering and management of scientific groups, projects and private companies. The professional career started in Estonian Academy of Sciences led to the position of leading scientist and nominee to the State premium in 2000. Served as a principle investigator and partner leader in number of national and international (EC funded) R&amp;D projects. Since 2001 co-founded and managed several high-technology private companies in Europe, USA, Canada and Russia, has large network of professional and personal contacts worldwide in the inter-government R&amp;T, industrial and academic circles. List of professional credits includes two monographs, more than 120 scientific publications, and 12 patents in application of laser and spectroscopy technologies for environmental monitoring, control of industrial processes, law-enforcement and search and rescue operations.<\/em><\/div><\/p><\/div><div class=\"tmm_scblock\"><a target=\"_blank\" class=\"tmm_sociallink\" href=\"https:\/\/www.linkedin.com\/in\/sergey-babichenko-977699\/\" title=\"\"><img decoding=\"async\" alt=\"\" src=\"https:\/\/ldi-innovation.com\/wp-content\/plugins\/team-members\/inc\/img\/links\/linkedin.png\"\/><\/a><a target=\"_blank\" class=\"tmm_sociallink\" href=\"https:\/\/www.researchgate.net\/profile\/S_Babichenko\" title=\"\"><img decoding=\"async\" alt=\"\" src=\"https:\/\/ldi-innovation.com\/wp-content\/plugins\/team-members\/inc\/img\/links\/researchgate.png\"\/><\/a><a class=\"tmm_sociallink\" href=\"mailto:&#115;e&#114;&#103;&#101;&#121;.&#098;&#097;b&#105;&#099;&#104;e&#110;&#107;o&#064;&#108;&#100;&#105;&#045;&#105;&#110;&#110;ova&#116;&#105;o&#110;.&#101;&#117;\" title=\"\"><img decoding=\"async\" alt=\"\" src=\"https:\/\/ldi-innovation.com\/wp-content\/plugins\/team-members\/inc\/img\/links\/email.png\"\/><\/a><\/div><\/div><\/div><div class=\"tmm_member\" style=\"border-top:#e6f7fe solid 5px;\"><div class=\"tmm_textblock\"><div class=\"tmm_names\"><span class=\"tmm_fname\">Dr. Larisa<\/span> <span class=\"tmm_lname\">Poryvkina<\/span><\/div><div class=\"tmm_job\">Member of Board, CSO<\/div><div class=\"tmm_desc\" style=\"text-align:justify\"><p>Co-founder of LDI Innovation O\u00dc (Estonia), NarTest (Estonia - USA), Nemor Technologies O\u00dc (Estonia) and Laser Diagnostic Instruments AS (Estonia). Member of the Board and R&amp;D director of LDI-Innovation O\u00dc, NarTest AS, Nemor Technologies AS. Ph.D. in physics (optics and spectroscopy). Co-developer of LDI key products and analytical techniques. <h6 class=\"collapseomatic \" id=\"id6a01c07f904d2\"  tabindex=\"0\" title=\"Read more\"    >Read more<\/h6><div id=\"target-id6a01c07f904d2\" class=\"collapseomatic_content \"><em>She has more than 35 years of experience in research, development, and engineering in applied spectroscopy, laser remote sensing, fluorescence in industrial applications, etc. Dr. Poryvkina is a principal developer of Spectral Fluorescence Signature (SFS) method for application in water environment, chemical and food industries, and law enforcement. Dr. Poryvkina started her scientific carrer as a senior scientist for Estonian Academy of Sciences, successfully managed number of national and international research projects, and has a wide network of professional contacts in industries and universities over Europe. From 1991 she continued research in several Estonian R&amp;D companies. In 1999 Dr. Poryvkina was awarded by OMPI-WIPO medal of World Intellectual Property Organization and diploma of \u201cBest Female Inventor 1999\u201d for development of analyzer Fluo-Imager and SFS method for oil pollution detection in water (Geneva, Switzerland). Now Dr.Poryvkina main activity in LDI Innovation is connected with development of new spectral sensors and methods for industrial and environmental tasks in frames of international EC projects. She is a principal author of 85 scientific publications and 6 patents.<\/em><\/div><\/p><\/div><div class=\"tmm_scblock\"><a target=\"_blank\" class=\"tmm_sociallink\" href=\"http:\/\/ee.linkedin.com\/pub\/larisa-poryvkina\/35\/82b\/86b\" title=\"\"><img decoding=\"async\" alt=\"\" src=\"https:\/\/ldi-innovation.com\/wp-content\/plugins\/team-members\/inc\/img\/links\/linkedin.png\"\/><\/a><a target=\"_blank\" class=\"tmm_sociallink\" href=\"https:\/\/www.researchgate.net\/profile\/Larisa_Poryvkina\" title=\"\"><img decoding=\"async\" alt=\"\" src=\"https:\/\/ldi-innovation.com\/wp-content\/plugins\/team-members\/inc\/img\/links\/researchgate.png\"\/><\/a><a class=\"tmm_sociallink\" href=\"mailto:la&#114;i&#115;a.&#112;&#111;&#114;&#121;&#118;&#107;&#105;na&#064;&#108;d&#105;&#045;inn&#111;va&#116;&#105;&#111;n&#046;eu\" title=\"\"><img decoding=\"async\" alt=\"\" src=\"https:\/\/ldi-innovation.com\/wp-content\/plugins\/team-members\/inc\/img\/links\/email.png\"\/><\/a><\/div><\/div><\/div><div style=\"clear:both;\"><\/div><\/div><\/div><\/div>\n\n\n\n<h1 class=\"wp-block-heading has-text-align-center\"><strong>Awards<\/strong><\/h1>\n\n\n\n<p class=\"has-text-align-center\">In 2021, LDI Innovation was awarded the &#8220;Top Sensor Technology Providers in Europe&#8221; award by <a href=\"https:\/\/sensor-technology-europe.appliedtechnologyreview.com\/vendor\/ldi-innovatio-photonics-solutions-for-diverse-applications-cid-305-mid-32.html\" target=\"_blank\" rel=\"noreferrer noopener\">Applied Technology Review<\/a>.<\/p>\n\n\n\n<div class=\"wp-block-group is-content-justification-center is-nowrap is-layout-flex wp-container-core-group-is-layout-94bc23d7 wp-block-group-is-layout-flex\">\n<div class=\"wp-block-group is-nowrap is-layout-flex wp-container-core-group-is-layout-ad2f72ca wp-block-group-is-layout-flex\">\n<figure class=\"wp-block-gallery has-nested-images columns-default is-cropped wp-block-gallery-1 is-layout-flex wp-block-gallery-is-layout-flex\">\n<figure class=\"wp-block-image size-large\"><img loading=\"lazy\" decoding=\"async\" width=\"1024\" height=\"404\" data-id=\"2456\" src=\"https:\/\/ldi-innovation.com\/wp-content\/uploads\/innovator-1024x404.jpg\" alt=\"Awards\" class=\"wp-image-2456\" srcset=\"https:\/\/ldi-innovation.com\/wp-content\/uploads\/innovator-1024x404.jpg 1024w, https:\/\/ldi-innovation.com\/wp-content\/uploads\/innovator-300x118.jpg 300w, https:\/\/ldi-innovation.com\/wp-content\/uploads\/innovator-768x303.jpg 768w, https:\/\/ldi-innovation.com\/wp-content\/uploads\/innovator-1536x606.jpg 1536w, https:\/\/ldi-innovation.com\/wp-content\/uploads\/innovator.jpg 1642w\" sizes=\"auto, (max-width: 1024px) 100vw, 1024px\" \/><\/figure>\n<\/figure>\n<\/div>\n<\/div>\n<!-- AddThis Advanced Settings generic via filter on the_content -->","protected":false},"excerpt":{"rendered":"<p>Company management Awards In 2021, LDI Innovation was awarded the &#8220;Top Sensor Technology Providers in Europe&#8221; award by Applied Technology Review.<!-- AddThis Advanced Settings generic via filter on get_the_excerpt --><\/p>\n","protected":false},"author":5,"featured_media":0,"parent":0,"menu_order":0,"comment_status":"closed","ping_status":"closed","template":"","meta":{"footnotes":""},"class_list":["post-31","page","type-page","status-publish","hentry"],"_links":{"self":[{"href":"https:\/\/ldi-innovation.com\/index.php\/wp-json\/wp\/v2\/pages\/31","targetHints":{"allow":["GET"]}}],"collection":[{"href":"https:\/\/ldi-innovation.com\/index.php\/wp-json\/wp\/v2\/pages"}],"about":[{"href":"https:\/\/ldi-innovation.com\/index.php\/wp-json\/wp\/v2\/types\/page"}],"author":[{"embeddable":true,"href":"https:\/\/ldi-innovation.com\/index.php\/wp-json\/wp\/v2\/users\/5"}],"replies":[{"embeddable":true,"href":"https:\/\/ldi-innovation.com\/index.php\/wp-json\/wp\/v2\/comments?post=31"}],"version-history":[{"count":105,"href":"https:\/\/ldi-innovation.com\/index.php\/wp-json\/wp\/v2\/pages\/31\/revisions"}],"predecessor-version":[{"id":2457,"href":"https:\/\/ldi-innovation.com\/index.php\/wp-json\/wp\/v2\/pages\/31\/revisions\/2457"}],"wp:attachment":[{"href":"https:\/\/ldi-innovation.com\/index.php\/wp-json\/wp\/v2\/media?parent=31"}],"curies":[{"name":"wp","href":"https:\/\/api.w.org\/{rel}","templated":true}]}}